{"id":2167,"date":"2015-03-12T14:52:34","date_gmt":"2015-03-12T13:52:34","guid":{"rendered":"http:\/\/demo-content.kaliumtheme.com\/main\/?page_id=2167"},"modified":"2025-07-10T09:29:51","modified_gmt":"2025-07-10T07:29:51","slug":"about-us","status":"publish","type":"page","link":"https:\/\/wecap.de\/de\/about-us\/","title":{"rendered":"\u00dcber uns"},"content":{"rendered":"<div class=\"wpb-content-wrapper\"><div class=\"vc-row-container container\"><div class=\"vc_row wpb_row vc_row-fluid\"><div class=\"wpb_column vc_column_container vc_col-sm-12\"><div class=\"vc_column-inner\"><div class=\"wpb_wrapper\"><div class=\"section-title  vc_custom_1621523574523\">\n    <h2>Who we are<\/h2>\n<p>WECAP begann als Netzwerk von Freiberuflern und Unternehmen und wurde 2012 von Jakob Storm, Martin Schmidt und Michael Graudenz gegr\u00fcndet. Im Jahr 2018 gr\u00fcndeten Paul Lier, Martin Schmidt und Jakob Storm das Unternehmen WECAP GbR, das sich 2020 in die WECAP GmbH umwandelte.<\/p>\n<p>Mehrkamera-Aufnahmen, Live-Streaming, Video- und Eventproduktion sind unser t\u00e4glich Brot. Wir arbeiten gerne mit den richtigen Fachleuten zusammen,<br \/>\num das bestm\u00f6gliche Ergebnis zu erzielen.<\/p>\n<p>Wir glauben nicht an Einheitsl\u00f6sungen. Die Erfahrung hat uns gezeigt, dass die besten Ergebnisse durch kooperative Ans\u00e4tze erzielt werden.<br \/>\nDas Netzwerk von Video- und Eventproduktionsprofis bildet eine erfahrene und kreative Crew von Kameraleuten, Regisseuren,<br \/>\nStreaming-Operatoren, Beleuchtungsspezialisten, Ton- und Videotechnikern, Motion-Graphics-Designern, Editoren, Set- und Technikdirektoren<br \/>\nund erstellt eine Produktion, die auf Ihre einzigartigen Bed\u00fcrfnisse und Erwartungen zugeschnitten ist.<\/p>\n<p>Ben\u00f6tigen Sie Unterst\u00fctzung bei Ihrer n\u00e4chsten Konferenz, Hybridveranstaltung, Live- oder Studio-Show, Gespr\u00e4ch, Interview oder Festival?<br \/>\nSchauen Sie sich unsere <a href=\"http:\/\/wecap.de\/de\/services\/\">SERVICES<\/a> und <a href=\"http:\/\/wecap.de\/de\/projects\/\">PROJEKTE<\/a> an und lassen Sie uns wissen, wie wir Ihnen helfen k\u00f6nnen.<\/p>\n<\/div><\/div><\/div><\/div><\/div><\/div><div class=\"vc-row-container container\"><div class=\"vc_row wpb_row vc_row-fluid\"><div class=\"wpb_column vc_column_container vc_col-sm-12\"><div class=\"vc_column-inner vc_custom_1438866491424\"><div class=\"wpb_wrapper\"><div class=\"wpb_images_carousel wpb_content_element vc_clearfix wpb_content_element\"><div class=\"wpb_wrapper\"><div id=\"vc_images-carousel-1-1776681440\" data-ride=\"vc_carousel\" data-wrap=\"true\" style=\"width: 1100px;\" data-interval=\"4000\" data-auto-height=\"yes\" data-mode=\"horizontal\" data-partial=\"false\" data-per-view=\"1\" data-hide-on-end=\"false\" class=\"vc_slide vc_images_carousel\"><div class=\"vc_carousel-inner\"><div class=\"vc_carousel-slideline\"><div class=\"vc_carousel-slideline-inner\"><div class=\"vc_item\"><div class=\"vc_inner\"><img decoding=\"async\" class=\"\" src=\"https:\/\/wecap.de\/wp-content\/uploads\/20250528_15-40_JM__MG_8613-scaled-1100x600.jpg\" width=\"1100\" height=\"600\" alt=\"re:publica 25 \u2013 26. - 28. Mai 2025\u2014Offstage-Tour auf der #rp25.\u2014Die re:publica findet vom 26. bis 28. Mai 2025 in der STATION Berlin statt. Das Festival f\u00fcr die digitale Gesellschaft steht in diesem Jahr unter dem Motto \u201eGeneration: XYZ\u201c. Berlin, 28.05.2025Foto: Jan Michalko\/re:publica\" title=\"re:publica 25 - Tag 3\" loading=\"lazy\" \/><\/div><\/div><div class=\"vc_item\"><div class=\"vc_inner\"><img decoding=\"async\" class=\"\" src=\"https:\/\/wecap.de\/wp-content\/uploads\/wecap-website-1-1100x600.jpeg\" width=\"1100\" height=\"600\" alt=\"wecap website - 1\" title=\"wecap website - 1\" loading=\"lazy\" \/><\/div><\/div><div class=\"vc_item\"><div class=\"vc_inner\"><img decoding=\"async\" class=\"\" src=\"https:\/\/wecap.de\/wp-content\/uploads\/20250528_15-41_JM__MG_8620-scaled-1100x600.jpg\" width=\"1100\" height=\"600\" alt=\"re:publica 25 \u2013 26. - 28. Mai 2025\u2014Offstage-Tour auf der #rp25.\u2014Die re:publica findet vom 26. bis 28. Mai 2025 in der STATION Berlin statt. Das Festival f\u00fcr die digitale Gesellschaft steht in diesem Jahr unter dem Motto \u201eGeneration: XYZ\u201c. Berlin, 28.05.2025Foto: Jan Michalko\/re:publica\" title=\"re:publica 25 - Tag 3\" loading=\"lazy\" \/><\/div><\/div><div class=\"vc_item\"><div class=\"vc_inner\"><img decoding=\"async\" class=\"\" src=\"https:\/\/wecap.de\/wp-content\/uploads\/wecap-website-5-1100x600.jpeg\" width=\"1100\" height=\"600\" alt=\"Berlin, 20.05.2021: Ein Kabelschrank ist neben der B\u00fchne w\u00e4hrend der MCB@rp21 im Rahmen der re:publica 21 auf dem re:publica Campus zu sehen. Das Festival f\u00fcr digitale Gesellschaft wird in diesem Jahr aufgrund der Corona-Pandemie ausschlie\u00dflich live gestreamt.\" title=\"wecap website - 5\" loading=\"lazy\" \/><\/div><\/div><\/div><\/div><\/div><\/div><\/div><\/div><\/div><\/div><\/div><\/div><\/div>\n<\/div>","protected":false},"excerpt":{"rendered":"Who we are WECAP started as a network of freelancers and companies and was founded in 2012 by Jakob Storm, Martin Schmidt and Michael Graudenz. In 2018 Paul Lier, Martin Schmidt and Jakob Storm founded the company WECAP GbR that turned into WECAP GmbH in 2020. Multi-camera recording, live streaming, video and event production is&hellip;","protected":false},"author":3,"featured_media":0,"parent":0,"menu_order":0,"comment_status":"open","ping_status":"closed","template":"","meta":{"_acf_changed":false,"footnotes":""},"class_list":["post-2167","page","type-page","status-publish","hentry"],"acf":[],"jetpack_sharing_enabled":true,"_links":{"self":[{"href":"https:\/\/wecap.de\/de\/wp-json\/wp\/v2\/pages\/2167","targetHints":{"allow":["GET"]}}],"collection":[{"href":"https:\/\/wecap.de\/de\/wp-json\/wp\/v2\/pages"}],"about":[{"href":"https:\/\/wecap.de\/de\/wp-json\/wp\/v2\/types\/page"}],"author":[{"embeddable":true,"href":"https:\/\/wecap.de\/de\/wp-json\/wp\/v2\/users\/3"}],"replies":[{"embeddable":true,"href":"https:\/\/wecap.de\/de\/wp-json\/wp\/v2\/comments?post=2167"}],"version-history":[{"count":165,"href":"https:\/\/wecap.de\/de\/wp-json\/wp\/v2\/pages\/2167\/revisions"}],"predecessor-version":[{"id":6715,"href":"https:\/\/wecap.de\/de\/wp-json\/wp\/v2\/pages\/2167\/revisions\/6715"}],"wp:attachment":[{"href":"https:\/\/wecap.de\/de\/wp-json\/wp\/v2\/media?parent=2167"}],"curies":[{"name":"wp","href":"https:\/\/api.w.org\/{rel}","templated":true}]}}