{"id":2359,"date":"2015-03-13T11:22:09","date_gmt":"2015-03-13T11:22:09","guid":{"rendered":"http:\/\/demo-content.kaliumtheme.com\/main\/?page_id=2359"},"modified":"2026-02-10T13:30:28","modified_gmt":"2026-02-10T12:30:28","slug":"services-2","status":"publish","type":"page","link":"https:\/\/wecap.de\/de\/services-2\/","title":{"rendered":"Services"},"content":{"rendered":"<div class=\"wpb-content-wrapper\"><div class=\"vc-row-container container\"><div class=\"vc_row wpb_row vc_row-fluid vc_custom_1440710834500\"><div class=\"wpb_column vc_column_container vc_col-sm-12\"><div class=\"vc_column-inner\"><div class=\"wpb_wrapper\"><div class=\"section-title  vc_custom_1770726557680\">\n    <h2>Was wir machen<\/h2>\n<p>Wir bieten Mehrkamera-Aufnahmen, Live-Streaming, Video- und Eventproduktionsdienste an.<br \/>\n<b>Unsere Dienstleistungen auf einen Blick:<\/b><\/p>\n<\/div><\/div><\/div><\/div><\/div><\/div><div class=\"vc-row-container container\"><\/div><div class=\"vc-row-container container\"><div class=\"vc_row wpb_row vc_row-fluid vc_custom_1440710814609\"><div class=\"wpb_column vc_column_container vc_col-sm-4\"><div class=\"vc_column-inner\"><div class=\"wpb_wrapper\"><div class=\"icon-box-container  vc_custom_1438816697910\">\n\t\n\t<div class=\"vc_icon_element vc_icon_element-outer vc_do_icon vc_icon_element-align-left\"><div class=\"vc_icon_element-inner vc_icon_element-color-black vc_icon_element-size-lg vc_icon_element-style- vc_icon_element-background-color-grey\" ><span class=\"vc_icon_element-icon fas fa-video\" ><\/span><\/div><\/div><div class=\"icon-box-content text-alignment-left\">\n    <h3>\n\t\t\t\t\tLive Recording\t\t    <\/h3>\n\n    <div class=\"box-content-p\">\n\t\t<p>Unsere anpassbaren Vision Mixing Setups enthalten Produktionsmischer mit bis zu 20 Eing\u00e4ngen sowie die M\u00f6glichkeit, Anrufe und Remote-Pr\u00e4sentationen zu integrieren. Aufnahmen stehen sofort zur Verf\u00fcgung und sind bereit zur Ver\u00f6ffentlichung auf Ihren Social-Media-Kan\u00e4len und Video-Plattformen.<\/p>\n    <\/div>\n<\/div>\t\n<\/div><\/div><\/div><\/div><div class=\"wpb_column vc_column_container vc_col-sm-4\"><div class=\"vc_column-inner\"><div class=\"wpb_wrapper\"><div class=\"icon-box-container  vc_custom_1438816691738\">\n\t\n\t<div class=\"vc_icon_element vc_icon_element-outer vc_do_icon vc_icon_element-align-left\"><div class=\"vc_icon_element-inner vc_icon_element-color-custom vc_icon_element-size-lg vc_icon_element-style- vc_icon_element-background-color-grey\" ><span class=\"vc_icon_element-icon fas fa-globe\" style=\"color:#3e454c !important\"><\/span><\/div><\/div><div class=\"icon-box-content text-alignment-left\">\n    <h3>\n\t\t\t\t\tLive-Streaming und Hybridveranstaltungen\t\t    <\/h3>\n\n    <div class=\"box-content-p\">\n\t\t<p>Wir bieten flexible Live-Streaming-L\u00f6sungen an, die von traditioneller \u00dcbertragung bis hin zu Hybridveranstaltungen reichen.<\/p>\n    <\/div>\n<\/div>\t\n<\/div><\/div><\/div><\/div><div class=\"wpb_column vc_column_container vc_col-sm-4\"><div class=\"vc_column-inner\"><div class=\"wpb_wrapper\"><div class=\"icon-box-container  vc_custom_1438816686228\">\n\t\n\t<div class=\"vc_icon_element vc_icon_element-outer vc_do_icon vc_icon_element-align-left\"><div class=\"vc_icon_element-inner vc_icon_element-color-custom vc_icon_element-size-lg vc_icon_element-style- vc_icon_element-background-color-grey\" ><span class=\"vc_icon_element-icon fas fa-play\" style=\"color:#3e454c !important\"><\/span><\/div><\/div><div class=\"icon-box-content text-alignment-left\">\n    <h3>\n\t\t\t\t\tVideo Produktion\t\t    <\/h3>\n\n    <div class=\"box-content-p\">\n\t\t<p>Ob es sich um einen Werbefilm oder eine Einf\u00fchrungsvideo, einen Stimmungsfilm oder eine Veranstaltungszusammenfassung handelt - unser Team plant, dreht, bearbeitet und graduiert gerne Ihren Film.<\/p>\n    <\/div>\n<\/div>\t\n<\/div><\/div><\/div><\/div><\/div><\/div><div class=\"vc-row-container container\"><div class=\"vc_row wpb_row vc_row-fluid\"><div class=\"wpb_column vc_column_container vc_col-sm-4\"><div class=\"vc_column-inner\"><div class=\"wpb_wrapper\"><div class=\"icon-box-container  vc_custom_1438816697910\">\n\t\n\t<div class=\"vc_icon_element vc_icon_element-outer vc_do_icon vc_icon_element-align-left\"><div class=\"vc_icon_element-inner vc_icon_element-color-black vc_icon_element-size-lg vc_icon_element-style- vc_icon_element-background-color-grey\" ><span class=\"vc_icon_element-icon fas fa-pencil-alt\" ><\/span><\/div><\/div><div class=\"icon-box-content text-alignment-left\">\n    <h3>\n\t\t\t\t\tEvent Produktion\t\t    <\/h3>\n\n    <div class=\"box-content-p\">\n\t\t<p>Unsere Unterst\u00fctzung f\u00fcr Ihre Veranstaltung geht \u00fcber die Videoproduktion hinaus. Wir entwickeln und organisieren alle technischen Aspekte Ihrer Veranstaltung, einschlie\u00dflich Tontechnik, Beleuchtung und Videoprojektion.<\/p>\n    <\/div>\n<\/div>\t\n<\/div><\/div><\/div><\/div><div class=\"wpb_column vc_column_container vc_col-sm-4\"><div class=\"vc_column-inner\"><div class=\"wpb_wrapper\"><div class=\"icon-box-container  vc_custom_1438816691738\">\n\t\n\t<div class=\"vc_icon_element vc_icon_element-outer vc_do_icon vc_icon_element-align-left\"><div class=\"vc_icon_element-inner vc_icon_element-color-custom vc_icon_element-size-lg vc_icon_element-style- vc_icon_element-background-color-grey\" ><span class=\"vc_icon_element-icon fas fa-bullhorn\" style=\"color:#3e454c !important\"><\/span><\/div><\/div><div class=\"icon-box-content text-alignment-left\">\n    <h3>\n\t\t\t\t\tAccessibility\t\t    <\/h3>\n\n    <div class=\"box-content-p\">\n\t\t<p>We are dedicated to making your content accessible to all. We offer live subtitles in multiple languages for livestreams, available as closed captions created either through AI or by human experts. These subtitles can be embedded into your livestream and be displayed on various screens, including LED walls and mobile devices. Additionally, we provide multiple audio tracks for translated content, as well as on-screen sign language interpretation to ensure a fully inclusive experience for everyone.<\/p>\n    <\/div>\n<\/div>\t\n<\/div><\/div><\/div><\/div><div class=\"wpb_column vc_column_container vc_col-sm-4\"><div class=\"vc_column-inner\"><div class=\"wpb_wrapper\"><div class=\"icon-box-container  vc_custom_1438816686228\">\n\t\n\t<div class=\"vc_icon_element vc_icon_element-outer vc_do_icon vc_icon_element-align-left\"><div class=\"vc_icon_element-inner vc_icon_element-color-custom vc_icon_element-size-lg vc_icon_element-style- vc_icon_element-background-color-grey\" ><span class=\"vc_icon_element-icon far fa-lightbulb\" style=\"color:#3e454c !important\"><\/span><\/div><\/div><div class=\"icon-box-content text-alignment-left\">\n    <h3>\n\t\t\t\t\tSonst noch etwas?\t\t    <\/h3>\n\n    <div class=\"box-content-p\">\n\t\t<p>Wir k\u00f6nnen Ihnen nicht das Blaue vom Himmel versprechen, aber lassen Sie uns wissen, welche anderen Ideen Sie im Kopf haben. Unser Netzwerk von Kreativen steht Ihnen zur Verf\u00fcgung.<\/p>\n    <\/div>\n<\/div>\t\n<\/div><\/div><\/div><\/div><\/div><\/div><div class=\"vc-row-container container\"><section class=\"vc_section\"><\/section><\/div>\n<\/div>","protected":false},"excerpt":{"rendered":"What we do We provide multi-camera recording, live streaming, video and event production services. Our services at a glance: Live Recording Our customisable Vision Mixing Setups contain production switchers featuring up to 20 inputs as well as the capability to integrate call-ins and remote presentations. Recordings are instantly available and ready for publishing to your&hellip;","protected":false},"author":3,"featured_media":0,"parent":0,"menu_order":0,"comment_status":"open","ping_status":"open","template":"","meta":{"_acf_changed":false,"footnotes":""},"class_list":["post-2359","page","type-page","status-publish","hentry"],"acf":[],"jetpack_sharing_enabled":true,"_links":{"self":[{"href":"https:\/\/wecap.de\/de\/wp-json\/wp\/v2\/pages\/2359","targetHints":{"allow":["GET"]}}],"collection":[{"href":"https:\/\/wecap.de\/de\/wp-json\/wp\/v2\/pages"}],"about":[{"href":"https:\/\/wecap.de\/de\/wp-json\/wp\/v2\/types\/page"}],"author":[{"embeddable":true,"href":"https:\/\/wecap.de\/de\/wp-json\/wp\/v2\/users\/3"}],"replies":[{"embeddable":true,"href":"https:\/\/wecap.de\/de\/wp-json\/wp\/v2\/comments?post=2359"}],"version-history":[{"count":108,"href":"https:\/\/wecap.de\/de\/wp-json\/wp\/v2\/pages\/2359\/revisions"}],"predecessor-version":[{"id":6861,"href":"https:\/\/wecap.de\/de\/wp-json\/wp\/v2\/pages\/2359\/revisions\/6861"}],"wp:attachment":[{"href":"https:\/\/wecap.de\/de\/wp-json\/wp\/v2\/media?parent=2359"}],"curies":[{"name":"wp","href":"https:\/\/api.w.org\/{rel}","templated":true}]}}